{"id":963,"date":"2018-06-08T15:07:05","date_gmt":"2018-06-08T13:07:05","guid":{"rendered":"https:\/\/www.cystinose-stiftung.de\/literatur\/"},"modified":"2022-11-17T13:12:03","modified_gmt":"2022-11-17T12:12:03","slug":"literatur","status":"publish","type":"page","link":"https:\/\/www.cystinose-stiftung.de\/en\/literatur\/","title":{"rendered":"Literature"},"content":{"rendered":"<h1>Literature<\/h1>\n<p>At the suggestion of some of those affected, we will make relevant literature on the disease available here in the future:<\/p>\n<ul>\n<li style=\"list-style-type: none;\">\n<ul>\n<li>Katharina Hohenfellner, MD, PhD, Jens Deerberg-Wittram, MD<strong>Coordinated, Cost-effective Care for Rare Disease: The Cystinosis Outpatient Consultation Program at RoMed <\/strong>Vol. 1 No. 4 | June 17, 2020, DOI: 10.1056\/CAT.19.1116<br \/>\n<a rel=\"nofollow\"  href=\"https:\/\/mcusercontent.com\/8006065c2b15ac9bea0be287c\/files\/6c019a7f-ce0f-4b7c-9b5e-1c55cf763439\/2020_06_17_CAT.19.1116.pdf\">Download full article (PDF, extern link)<\/a><\/li>\n<\/ul>\n<\/li>\n<\/ul>\n<p>&nbsp;<\/p>\n<ul>\n<li style=\"list-style-type: none;\">\n<ul>\n<li><span class=\"authors-list-item \">Leonie Keidel <span class=\"comma\">,\u00a0<\/span><\/span><span class=\"authors-list-item \">Carolin Elhardt <span class=\"comma\">,\u00a0<\/span><\/span><span class=\"authors-list-item \">Katharina Hohenfellner <span class=\"comma\">,\u00a0<\/span><\/span><span class=\"authors-list-item \">Siegfried Priglinger <span class=\"comma\">,\u00a0<\/span><\/span><span class=\"authors-list-item \">Benedikt Schworm <span class=\"comma\">,\u00a0<\/span><\/span><span class=\"authors-list-item \">Christian Wertheimer <span class=\"comma\">,\u00a0<\/span><\/span><span class=\"authors-list-item \">Claudia Priglinger <span class=\"comma\">,\u00a0<\/span><\/span><span class=\"authors-list-item \"><span class=\"authors-list-item \">Nikolaus Luft<sup class=\"affiliation-links\"><span class=\"author-sup-separator\"><br \/>\n<\/span><\/sup><\/span><\/span><strong>Establishing an objective biomarker for corneal cystinosis using a threshold-based Spectral domain optical coherence tomography imaging algorithm, <\/strong>PMID: 32833325, DOI: 10.1111\/aos.14569<br \/>\n<a rel=\"nofollow\"  href=\"https:\/\/pubmed.ncbi.nlm.nih.gov\/32833325\/\">Download full article (extern link)<\/a><\/li>\n<\/ul>\n<\/li>\n<\/ul>\n<p>&nbsp;<\/p>\n<ul>\n<li style=\"list-style-type: none;\">\n<ul>\n<li>Bouazza, Na\u00efm &amp; Tr\u00e9luyer, Jean-Marc &amp; Ottolenghi, Chris &amp; Urien, Sa\u00efk &amp; Deschenes, Georges &amp; Ricquier, Daniel &amp; Niaudet, Patrick &amp; Chadefaux-Vekemans, Bernadette. (2011). <strong><strong>Population pharmacokinetics and pharmacodynamics of cysteamine in nephropathic cystinosis patients.<\/strong><\/strong>Orphanet journal of rare diseases. 6. 86. 10.1186\/1750-1172-6-86.<br \/>\n<a href=\"https:\/\/www.researchgate.net\/profile\/Jean-Marc_Treluyer\/publication\/51921707_Population_pharmacokinetics_and_pharmacodynamics_of_cysteamine_in_nephropathic_cystinosis_patients\/links\/00b7d52721288a411c000000\/Population-pharmacokinetics-and-pharmacodynamics-of-cysteamine-in-nephropathic-cystinosis-patients.pdf?origin=publication_detail\" target=\"_blank\" rel=\"nofollow\">Download full article (PDF, extern link)<\/a><\/li>\n<\/ul>\n<\/li>\n<\/ul>\n<p style=\"padding-left: 30px;\">\n","protected":false},"excerpt":{"rendered":"<p>Literature At the suggestion of some of those affected, we will make relevant literature on the disease available here in the future: Katharina Hohenfellner, MD, PhD, Jens Deerberg-Wittram, MDCoordinated, Cost-effective Care for Rare Disease: The Cystinosis Outpatient Consultation Program at RoMed Vol. 1 No. 4 | June 17, 2020, DOI: 10.1056\/CAT.19.1116 Download full article (PDF, [&hellip;]<\/p>\n","protected":false},"author":3,"featured_media":0,"parent":0,"menu_order":0,"comment_status":"closed","ping_status":"closed","template":"","meta":{"_acf_changed":false,"footnotes":""},"acf":[],"_links":{"self":[{"href":"https:\/\/www.cystinose-stiftung.de\/en\/wp-json\/wp\/v2\/pages\/963"}],"collection":[{"href":"https:\/\/www.cystinose-stiftung.de\/en\/wp-json\/wp\/v2\/pages"}],"about":[{"href":"https:\/\/www.cystinose-stiftung.de\/en\/wp-json\/wp\/v2\/types\/page"}],"author":[{"embeddable":true,"href":"https:\/\/www.cystinose-stiftung.de\/en\/wp-json\/wp\/v2\/users\/3"}],"replies":[{"embeddable":true,"href":"https:\/\/www.cystinose-stiftung.de\/en\/wp-json\/wp\/v2\/comments?post=963"}],"version-history":[{"count":6,"href":"https:\/\/www.cystinose-stiftung.de\/en\/wp-json\/wp\/v2\/pages\/963\/revisions"}],"predecessor-version":[{"id":1338,"href":"https:\/\/www.cystinose-stiftung.de\/en\/wp-json\/wp\/v2\/pages\/963\/revisions\/1338"}],"wp:attachment":[{"href":"https:\/\/www.cystinose-stiftung.de\/en\/wp-json\/wp\/v2\/media?parent=963"}],"curies":[{"name":"wp","href":"https:\/\/api.w.org\/{rel}","templated":true}]}}